{"id":2,"date":"2020-06-12T13:21:13","date_gmt":"2020-06-12T13:21:13","guid":{"rendered":"https:\/\/timontour.ch\/?page_id=2"},"modified":"2021-09-02T15:56:06","modified_gmt":"2021-09-02T15:56:06","slug":"sample-page","status":"publish","type":"page","link":"https:\/\/timontour.ch\/","title":{"rendered":"TiMonTour"},"content":{"rendered":"\n<p><strong>TiMonTour-Adventskalender<\/strong><\/p>\n\n\n\n<p>F\u00fcr uns und f\u00fcr alle Interessierten m\u00f6chten wir den Advent dazu nutzen, unsere Reise noch einmal zu erleben und ein bisschen in Erinnerungen zu schwelgen. Jeden Tag bis Weihnachten w\u00e4hlen wir ein Foto aus und schreiben in wenigen &#8211; oder vielleicht auch einmal vielen &#8211; Worten, was uns mit dem Foto verbindet. <a rel=\"noreferrer noopener\" href=\"https:\/\/timontour.ch\/?page_id=376\" target=\"_blank\">Zum Adventskalender geht es hier<\/a>. Die Fotos sind zudem auf unserem <a rel=\"noreferrer noopener\" href=\"https:\/\/www.instagram.com\/timontour2020\/\" target=\"_blank\">Instagram-Account<\/a> zu finden. <\/p>\n\n\n\n<p>Vom 5. Juli bis zum 27. September waren wir auf f\u00fcnf R\u00e4dern unterwegs durch Europa. Gestartet in der Schweiz, erreichten wir nach Fahrten durch \u00d6sterreich, Deutschland und Tschechien, Skandinavien. Nach einigen Tagen in D\u00e4nemark durften wir einen Monat die wundersch\u00f6nen Landschaften Norwegens mit vielen Steigungen und Abfahrten geniessen. Die fast unendlichen W\u00e4lder Schwedens bildeten einen sch\u00f6nen Abschluss unserer tollen Reise.<\/p>\n\n\n\n<p><\/p>\n\n\n\n<p>Im <a href=\"https:\/\/timontour.ch\/?page_id=57\">Blog<\/a> berichteten wir in losen Abst\u00e4nden von unseren Erlebnissen.<\/p>\n\n\n\n<p>Unsere zur\u00fcckgelegten Strecken findest du <a href=\"https:\/\/timontour.ch\/?page_id=64\">hier<\/a> heraus.<\/p>\n\n\n\n<p>Auf <a href=\"https:\/\/www.instagram.com\/timontour2020\/\">Instagram <\/a>findest du auch einige Bilder unserer Reise, die wir nicht alle auf die Homepage geladen haben:<\/p>\n\n\n","protected":false},"excerpt":{"rendered":"<p>TiMonTour-Adventskalender F\u00fcr uns und f\u00fcr alle Interessierten m\u00f6chten wir den Advent dazu nutzen, unsere Reise noch einmal zu erleben und ein bisschen in Erinnerungen zu schwelgen. Jeden Tag bis Weihnachten w\u00e4hlen wir ein Foto aus und schreiben in wenigen &#8211; oder vielleicht auch einmal vielen &#8211; Worten, was uns mit dem Foto verbindet. Zum Adventskalender [&hellip;]<\/p>\n","protected":false},"author":1,"featured_media":0,"parent":0,"menu_order":0,"comment_status":"closed","ping_status":"open","template":"","meta":{"footnotes":""},"class_list":["post-2","page","type-page","status-publish","hentry"],"jetpack_sharing_enabled":true,"_links":{"self":[{"href":"https:\/\/timontour.ch\/index.php?rest_route=\/wp\/v2\/pages\/2","targetHints":{"allow":["GET"]}}],"collection":[{"href":"https:\/\/timontour.ch\/index.php?rest_route=\/wp\/v2\/pages"}],"about":[{"href":"https:\/\/timontour.ch\/index.php?rest_route=\/wp\/v2\/types\/page"}],"author":[{"embeddable":true,"href":"https:\/\/timontour.ch\/index.php?rest_route=\/wp\/v2\/users\/1"}],"replies":[{"embeddable":true,"href":"https:\/\/timontour.ch\/index.php?rest_route=%2Fwp%2Fv2%2Fcomments&post=2"}],"version-history":[{"count":15,"href":"https:\/\/timontour.ch\/index.php?rest_route=\/wp\/v2\/pages\/2\/revisions"}],"predecessor-version":[{"id":382,"href":"https:\/\/timontour.ch\/index.php?rest_route=\/wp\/v2\/pages\/2\/revisions\/382"}],"wp:attachment":[{"href":"https:\/\/timontour.ch\/index.php?rest_route=%2Fwp%2Fv2%2Fmedia&parent=2"}],"curies":[{"name":"wp","href":"https:\/\/api.w.org\/{rel}","templated":true}]}}