{"id":29,"date":"2020-06-14T16:35:42","date_gmt":"2020-06-14T16:35:42","guid":{"rendered":"https:\/\/timontour.ch\/?page_id=29"},"modified":"2020-07-17T11:07:28","modified_gmt":"2020-07-17T11:07:28","slug":"wer-sind-wir","status":"publish","type":"page","link":"https:\/\/timontour.ch\/?page_id=29","title":{"rendered":"Wer sind wir?"},"content":{"rendered":"\n<p>TiMonTour steht f\u00fcr Ti = Tinu (Martin), Mon = Monika, Tour = Tour. Aber auch f\u00fcr \u00abTim (Team in etwas kreativer Rechtschreibung) on Tour\u00bb oder f\u00fcr \u00abMon Tour\u00bb.<br>Schon immer hat uns das Velo durch unseren Alltag begleitet. Sei dies auf dem Arbeitsweg (aktuell t\u00e4glich je mindestens 60 km mit dem E-Bike), an Wochenendausfl\u00fcgen oder auf k\u00fcrzeren und l\u00e4ngeren Veloreisen durch Schottland, Deutschland, Norwegen, Neuseeland oder andere L\u00e4nder.<br>Vor 12 Jahren in den B\u00fcndner Bergen kennen gelernt, sind wir seit dann ein Paar. Damit Martin den Nachnamen mit den meisten witzigen Spr\u00fcchen \u00fcbernehmen durfte (und auch noch aus einigen weiteren Gr\u00fcnden&#8230;), haben wir uns am 2. April 2015 das Jawort gegeben. Seither wohnen wir in Burgdorf \u2013 DER Velostadt erster Stunde.<\/p>\n\n\n\n<div class=\"wp-block-image\"><figure class=\"aligncenter size-large is-resized\"><img loading=\"lazy\" decoding=\"async\" src=\"https:\/\/timontour.ch\/wp-content\/uploads\/2020\/06\/DSC5037-2-777x1024.jpg\" alt=\"\" class=\"wp-image-30\" width=\"248\" height=\"326\" srcset=\"https:\/\/timontour.ch\/wp-content\/uploads\/2020\/06\/DSC5037-2-777x1024.jpg 777w, https:\/\/timontour.ch\/wp-content\/uploads\/2020\/06\/DSC5037-2-228x300.jpg 228w, https:\/\/timontour.ch\/wp-content\/uploads\/2020\/06\/DSC5037-2-768x1012.jpg 768w, https:\/\/timontour.ch\/wp-content\/uploads\/2020\/06\/DSC5037-2-1166x1536.jpg 1166w, https:\/\/timontour.ch\/wp-content\/uploads\/2020\/06\/DSC5037-2-1555x2048.jpg 1555w, https:\/\/timontour.ch\/wp-content\/uploads\/2020\/06\/DSC5037-2-1200x1581.jpg 1200w, https:\/\/timontour.ch\/wp-content\/uploads\/2020\/06\/DSC5037-2-1980x2608.jpg 1980w, https:\/\/timontour.ch\/wp-content\/uploads\/2020\/06\/DSC5037-2-scaled.jpg 1943w\" sizes=\"auto, (max-width: 248px) 100vw, 248px\" \/><figcaption>Monika unterwegs in den schottischen Highlands<\/figcaption><\/figure><\/div>\n\n\n\n<p>Monika Blau, aufgewachsen im Emmental, ist bald 31-j\u00e4hrig und arbeitet als Schulische Heilp\u00e4dagogin. Neben dem Musikmachen (was uns \u00fcbrigens beide verbindet) liebt sie es, in der Natur zu sein. Sei dies auf dem GR20 in Korsika oder mit Zelt und Velo irgendwo im Nirgendwo. W\u00e4hrend Martin noch Kartoffeln sch\u00e4lt, wird sie auf dem Kocher bereits ein Traummenu zubereitet haben. Als ruhender Pol im Team sorgt sie daf\u00fcr, dass Martins Pl\u00e4ne so umgesetzt werden, dass das Zelt noch bei Tageslicht aufgebaut werden kann.<\/p>\n\n\n\n<div class=\"wp-block-image\"><figure class=\"aligncenter size-large is-resized\"><img loading=\"lazy\" decoding=\"async\" src=\"https:\/\/timontour.ch\/wp-content\/uploads\/2020\/06\/DSC2991-658x1024.jpg\" alt=\"\" class=\"wp-image-31\" width=\"229\" height=\"356\" srcset=\"https:\/\/timontour.ch\/wp-content\/uploads\/2020\/06\/DSC2991-658x1024.jpg 658w, https:\/\/timontour.ch\/wp-content\/uploads\/2020\/06\/DSC2991-193x300.jpg 193w, https:\/\/timontour.ch\/wp-content\/uploads\/2020\/06\/DSC2991-768x1194.jpg 768w, https:\/\/timontour.ch\/wp-content\/uploads\/2020\/06\/DSC2991-988x1536.jpg 988w, https:\/\/timontour.ch\/wp-content\/uploads\/2020\/06\/DSC2991-1317x2048.jpg 1317w, https:\/\/timontour.ch\/wp-content\/uploads\/2020\/06\/DSC2991-1200x1866.jpg 1200w, https:\/\/timontour.ch\/wp-content\/uploads\/2020\/06\/DSC2991-1980x3079.jpg 1980w, https:\/\/timontour.ch\/wp-content\/uploads\/2020\/06\/DSC2991-scaled.jpg 1646w\" sizes=\"auto, (max-width: 229px) 100vw, 229px\" \/><figcaption>Martin auf einem Veloausflug in Kerala, Indien<\/figcaption><\/figure><\/div>\n\n\n\n<p>Martin Blau ist im Seeland aufgewachsen und 36-j\u00e4hrig. Er arbeitet als Schulsozialarbeiter und Fachperson f\u00fcr Pr\u00e4vention bei einer Fachstelle f\u00fcr Kinder- und Jugendfragen. Auch er liebt es, draussen zu sein. Seine ab und zu verr\u00fcckten Ideen f\u00fcr Abenteuer liessen Monika bereits \u00f6fters beinahe verzweifeln\u2026 Er wird im Herbst 2020 ein Nachdiplomstudium zum Erlebnisp\u00e4dagogen starten, weil er im Draussen sein und im Erleben der Natur auch f\u00fcr die Kinder und Jugendliche grosses Potential sieht. Man (oder Frau) gebe Martin eine Landkarte und schon findet er gut und gerne 100 Ziele, die er (alle an einem Tag) erreichen m\u00f6chte. (Und wenn das nicht klappt, liegt es wohl an der Kondition und nicht am Orientierungssinn\u2026)<\/p>\n","protected":false},"excerpt":{"rendered":"<p>TiMonTour steht f\u00fcr Ti = Tinu (Martin), Mon = Monika, Tour = Tour. Aber auch f\u00fcr \u00abTim (Team in etwas kreativer Rechtschreibung) on Tour\u00bb oder f\u00fcr \u00abMon Tour\u00bb.Schon immer hat uns das Velo durch unseren Alltag begleitet. Sei dies auf dem Arbeitsweg (aktuell t\u00e4glich je mindestens 60 km mit dem E-Bike), an Wochenendausfl\u00fcgen oder auf [&hellip;]<\/p>\n","protected":false},"author":1,"featured_media":0,"parent":2,"menu_order":2,"comment_status":"closed","ping_status":"closed","template":"","meta":{"footnotes":""},"class_list":["post-29","page","type-page","status-publish","hentry"],"jetpack_sharing_enabled":true,"_links":{"self":[{"href":"https:\/\/timontour.ch\/index.php?rest_route=\/wp\/v2\/pages\/29","targetHints":{"allow":["GET"]}}],"collection":[{"href":"https:\/\/timontour.ch\/index.php?rest_route=\/wp\/v2\/pages"}],"about":[{"href":"https:\/\/timontour.ch\/index.php?rest_route=\/wp\/v2\/types\/page"}],"author":[{"embeddable":true,"href":"https:\/\/timontour.ch\/index.php?rest_route=\/wp\/v2\/users\/1"}],"replies":[{"embeddable":true,"href":"https:\/\/timontour.ch\/index.php?rest_route=%2Fwp%2Fv2%2Fcomments&post=29"}],"version-history":[{"count":2,"href":"https:\/\/timontour.ch\/index.php?rest_route=\/wp\/v2\/pages\/29\/revisions"}],"predecessor-version":[{"id":78,"href":"https:\/\/timontour.ch\/index.php?rest_route=\/wp\/v2\/pages\/29\/revisions\/78"}],"up":[{"embeddable":true,"href":"https:\/\/timontour.ch\/index.php?rest_route=\/wp\/v2\/pages\/2"}],"wp:attachment":[{"href":"https:\/\/timontour.ch\/index.php?rest_route=%2Fwp%2Fv2%2Fmedia&parent=29"}],"curies":[{"name":"wp","href":"https:\/\/api.w.org\/{rel}","templated":true}]}}